{"id":16,"date":"2021-12-20T08:27:08","date_gmt":"2021-12-20T07:27:08","guid":{"rendered":"https:\/\/riversea.pl\/?page_id=16"},"modified":"2025-02-07T11:03:36","modified_gmt":"2025-02-07T10:03:36","slug":"galeria","status":"publish","type":"page","link":"https:\/\/krzywa8.pl\/en\/galeria\/","title":{"rendered":"Gallery"},"content":{"rendered":"<figure class=\"wp-block-gallery has-nested-images columns-default is-cropped wp-block-gallery-1 is-layout-flex wp-block-gallery-is-layout-flex\">\n<figure class=\"wp-block-image size-large\"><img loading=\"lazy\" decoding=\"async\" width=\"1024\" height=\"1024\" data-id=\"1562\" src=\"https:\/\/krzywa8.pl\/wp-content\/uploads\/2024\/10\/1729063569250-1024x1024.jpg\" alt=\"\" class=\"wp-image-1562\" srcset=\"https:\/\/krzywa8.pl\/wp-content\/uploads\/2024\/10\/1729063569250-1024x1024.jpg 1024w, https:\/\/krzywa8.pl\/wp-content\/uploads\/2024\/10\/1729063569250-300x300.jpg 300w, https:\/\/krzywa8.pl\/wp-content\/uploads\/2024\/10\/1729063569250-150x150.jpg 150w, https:\/\/krzywa8.pl\/wp-content\/uploads\/2024\/10\/1729063569250-768x768.jpg 768w, https:\/\/krzywa8.pl\/wp-content\/uploads\/2024\/10\/1729063569250-1536x1536.jpg 1536w, https:\/\/krzywa8.pl\/wp-content\/uploads\/2024\/10\/1729063569250-2048x2048.jpg 2048w, https:\/\/krzywa8.pl\/wp-content\/uploads\/2024\/10\/1729063569250-12x12.jpg 12w, https:\/\/krzywa8.pl\/wp-content\/uploads\/2024\/10\/1729063569250.jpg 2448w\" sizes=\"(max-width: 1024px) 100vw, 1024px\" \/><\/figure>\n\n\n\n<figure class=\"wp-block-image size-large\"><img loading=\"lazy\" decoding=\"async\" width=\"1024\" height=\"768\" data-id=\"1563\" src=\"https:\/\/krzywa8.pl\/wp-content\/uploads\/2024\/10\/IMG_20231029_102646-1024x768.jpg\" alt=\"\" class=\"wp-image-1563\" srcset=\"https:\/\/krzywa8.pl\/wp-content\/uploads\/2024\/10\/IMG_20231029_102646-1024x768.jpg 1024w, https:\/\/krzywa8.pl\/wp-content\/uploads\/2024\/10\/IMG_20231029_102646-300x225.jpg 300w, https:\/\/krzywa8.pl\/wp-content\/uploads\/2024\/10\/IMG_20231029_102646-768x576.jpg 768w, https:\/\/krzywa8.pl\/wp-content\/uploads\/2024\/10\/IMG_20231029_102646-1536x1152.jpg 1536w, https:\/\/krzywa8.pl\/wp-content\/uploads\/2024\/10\/IMG_20231029_102646-2048x1536.jpg 2048w, https:\/\/krzywa8.pl\/wp-content\/uploads\/2024\/10\/IMG_20231029_102646-16x12.jpg 16w, https:\/\/krzywa8.pl\/wp-content\/uploads\/2024\/10\/IMG_20231029_102646-scaled.jpg 2560w\" sizes=\"(max-width: 1024px) 100vw, 1024px\" \/><\/figure>\n<\/figure>","protected":false},"excerpt":{"rendered":"","protected":false},"author":3,"featured_media":1411,"parent":0,"menu_order":0,"comment_status":"closed","ping_status":"closed","template":"","meta":{"_acf_changed":false,"footnotes":""},"class_list":["post-16","page","type-page","status-publish","has-post-thumbnail","hentry"],"acf":[],"yoast_head":"<!-- This site is optimized with the Yoast SEO plugin v23.3 - https:\/\/yoast.com\/wordpress\/plugins\/seo\/ -->\n<title>Galeria - Apartamenty Krzywa 8 - Apartamenty z jacuzzi w sercu Beskid\u00f3w<\/title>\n<meta name=\"description\" content=\"Poznaj bli\u017cej apartamenty Krzywa 8 w Wi\u015ble, dzi\u0119ki naszej galerii zdj\u0119\u0107.\" \/>\n<meta name=\"robots\" content=\"index, follow, max-snippet:-1, max-image-preview:large, max-video-preview:-1\" \/>\n<link rel=\"canonical\" href=\"https:\/\/krzywa8.pl\/en\/galeria\/\" \/>\n<meta property=\"og:locale\" content=\"en_GB\" \/>\n<meta property=\"og:type\" content=\"article\" \/>\n<meta property=\"og:title\" content=\"Galeria - Apartamenty Krzywa 8 - Apartamenty z jacuzzi w sercu Beskid\u00f3w\" \/>\n<meta property=\"og:description\" content=\"Poznaj bli\u017cej apartamenty Krzywa 8 w Wi\u015ble, dzi\u0119ki naszej galerii zdj\u0119\u0107.\" \/>\n<meta property=\"og:url\" content=\"https:\/\/krzywa8.pl\/en\/galeria\/\" \/>\n<meta property=\"og:site_name\" content=\"Apartamenty Krzywa 8\" \/>\n<meta property=\"article:publisher\" content=\"https:\/\/www.facebook.com\/riverseaapartamenty\" \/>\n<meta property=\"article:modified_time\" content=\"2025-02-07T10:03:36+00:00\" \/>\n<meta property=\"og:image\" content=\"https:\/\/krzywa8.pl\/wp-content\/uploads\/2024\/06\/DSC4281-HDR.webp\" \/>\n\t<meta property=\"og:image:width\" content=\"1900\" \/>\n\t<meta property=\"og:image:height\" content=\"1267\" \/>\n\t<meta property=\"og:image:type\" content=\"image\/webp\" \/>\n<meta name=\"twitter:card\" content=\"summary_large_image\" \/>\n<meta name=\"twitter:label1\" content=\"Estimated reading time\" \/>\n\t<meta name=\"twitter:data1\" content=\"1 minute\" \/>\n<script type=\"application\/ld+json\" class=\"yoast-schema-graph\">{\"@context\":\"https:\/\/schema.org\",\"@graph\":[{\"@type\":\"WebPage\",\"@id\":\"https:\/\/krzywa8.pl\/galeria\/\",\"url\":\"https:\/\/krzywa8.pl\/galeria\/\",\"name\":\"Galeria - Apartamenty Krzywa 8 - Apartamenty z jacuzzi w sercu Beskid\u00f3w\",\"isPartOf\":{\"@id\":\"https:\/\/krzywa8.pl\/#website\"},\"primaryImageOfPage\":{\"@id\":\"https:\/\/krzywa8.pl\/galeria\/#primaryimage\"},\"image\":{\"@id\":\"https:\/\/krzywa8.pl\/galeria\/#primaryimage\"},\"thumbnailUrl\":\"https:\/\/krzywa8.pl\/wp-content\/uploads\/2024\/06\/DSC4281-HDR.webp\",\"datePublished\":\"2021-12-20T07:27:08+00:00\",\"dateModified\":\"2025-02-07T10:03:36+00:00\",\"description\":\"Poznaj bli\u017cej apartamenty Krzywa 8 w Wi\u015ble, dzi\u0119ki naszej galerii zdj\u0119\u0107.\",\"breadcrumb\":{\"@id\":\"https:\/\/krzywa8.pl\/galeria\/#breadcrumb\"},\"inLanguage\":\"en-GB\",\"potentialAction\":[{\"@type\":\"ReadAction\",\"target\":[\"https:\/\/krzywa8.pl\/galeria\/\"]}]},{\"@type\":\"ImageObject\",\"inLanguage\":\"en-GB\",\"@id\":\"https:\/\/krzywa8.pl\/galeria\/#primaryimage\",\"url\":\"https:\/\/krzywa8.pl\/wp-content\/uploads\/2024\/06\/DSC4281-HDR.webp\",\"contentUrl\":\"https:\/\/krzywa8.pl\/wp-content\/uploads\/2024\/06\/DSC4281-HDR.webp\",\"width\":1900,\"height\":1267,\"caption\":\"Krzywa8 - apartamenty Wis\u0142a - salon\"},{\"@type\":\"BreadcrumbList\",\"@id\":\"https:\/\/krzywa8.pl\/galeria\/#breadcrumb\",\"itemListElement\":[{\"@type\":\"ListItem\",\"position\":1,\"name\":\"Strona g\u0142\u00f3wna\",\"item\":\"https:\/\/krzywa8.pl\/\"},{\"@type\":\"ListItem\",\"position\":2,\"name\":\"Galeria\"}]},{\"@type\":\"WebSite\",\"@id\":\"https:\/\/krzywa8.pl\/#website\",\"url\":\"https:\/\/krzywa8.pl\/\",\"name\":\"Apartamenty Krzywa 8\",\"description\":\"Apartamenty z jacuzzi w sercu Beskid\u00f3w\",\"publisher\":{\"@id\":\"https:\/\/krzywa8.pl\/#organization\"},\"alternateName\":\"https:\/\/krzywa8.pl\/\",\"potentialAction\":[{\"@type\":\"SearchAction\",\"target\":{\"@type\":\"EntryPoint\",\"urlTemplate\":\"https:\/\/krzywa8.pl\/?s={search_term_string}\"},\"query-input\":\"required name=search_term_string\"}],\"inLanguage\":\"en-GB\"},{\"@type\":\"Organization\",\"@id\":\"https:\/\/krzywa8.pl\/#organization\",\"name\":\"Apartamenty Krzywa 8\",\"url\":\"https:\/\/krzywa8.pl\/\",\"logo\":{\"@type\":\"ImageObject\",\"inLanguage\":\"en-GB\",\"@id\":\"https:\/\/krzywa8.pl\/#\/schema\/logo\/image\/\",\"url\":\"https:\/\/krzywa8.pl\/wp-content\/uploads\/2024\/06\/cropped-logo-Wisla-Krzywa-8.png\",\"contentUrl\":\"https:\/\/krzywa8.pl\/wp-content\/uploads\/2024\/06\/cropped-logo-Wisla-Krzywa-8.png\",\"width\":512,\"height\":512,\"caption\":\"Apartamenty Krzywa 8\"},\"image\":{\"@id\":\"https:\/\/krzywa8.pl\/#\/schema\/logo\/image\/\"},\"sameAs\":[\"https:\/\/www.facebook.com\/riverseaapartamenty\"]}]}<\/script>\n<!-- \/ Yoast SEO plugin. -->","yoast_head_json":{"title":"Galeria - Apartamenty Krzywa 8 - Apartamenty z jacuzzi w sercu Beskid\u00f3w","description":"Poznaj bli\u017cej apartamenty Krzywa 8 w Wi\u015ble, dzi\u0119ki naszej galerii zdj\u0119\u0107.","robots":{"index":"index","follow":"follow","max-snippet":"max-snippet:-1","max-image-preview":"max-image-preview:large","max-video-preview":"max-video-preview:-1"},"canonical":"https:\/\/krzywa8.pl\/en\/galeria\/","og_locale":"en_GB","og_type":"article","og_title":"Galeria - Apartamenty Krzywa 8 - Apartamenty z jacuzzi w sercu Beskid\u00f3w","og_description":"Poznaj bli\u017cej apartamenty Krzywa 8 w Wi\u015ble, dzi\u0119ki naszej galerii zdj\u0119\u0107.","og_url":"https:\/\/krzywa8.pl\/en\/galeria\/","og_site_name":"Apartamenty Krzywa 8","article_publisher":"https:\/\/www.facebook.com\/riverseaapartamenty","article_modified_time":"2025-02-07T10:03:36+00:00","og_image":[{"width":1900,"height":1267,"url":"https:\/\/krzywa8.pl\/wp-content\/uploads\/2024\/06\/DSC4281-HDR.webp","type":"image\/webp"}],"twitter_card":"summary_large_image","twitter_misc":{"Estimated reading time":"1 minute"},"schema":{"@context":"https:\/\/schema.org","@graph":[{"@type":"WebPage","@id":"https:\/\/krzywa8.pl\/galeria\/","url":"https:\/\/krzywa8.pl\/galeria\/","name":"Galeria - Apartamenty Krzywa 8 - Apartamenty z jacuzzi w sercu Beskid\u00f3w","isPartOf":{"@id":"https:\/\/krzywa8.pl\/#website"},"primaryImageOfPage":{"@id":"https:\/\/krzywa8.pl\/galeria\/#primaryimage"},"image":{"@id":"https:\/\/krzywa8.pl\/galeria\/#primaryimage"},"thumbnailUrl":"https:\/\/krzywa8.pl\/wp-content\/uploads\/2024\/06\/DSC4281-HDR.webp","datePublished":"2021-12-20T07:27:08+00:00","dateModified":"2025-02-07T10:03:36+00:00","description":"Poznaj bli\u017cej apartamenty Krzywa 8 w Wi\u015ble, dzi\u0119ki naszej galerii zdj\u0119\u0107.","breadcrumb":{"@id":"https:\/\/krzywa8.pl\/galeria\/#breadcrumb"},"inLanguage":"en-GB","potentialAction":[{"@type":"ReadAction","target":["https:\/\/krzywa8.pl\/galeria\/"]}]},{"@type":"ImageObject","inLanguage":"en-GB","@id":"https:\/\/krzywa8.pl\/galeria\/#primaryimage","url":"https:\/\/krzywa8.pl\/wp-content\/uploads\/2024\/06\/DSC4281-HDR.webp","contentUrl":"https:\/\/krzywa8.pl\/wp-content\/uploads\/2024\/06\/DSC4281-HDR.webp","width":1900,"height":1267,"caption":"Krzywa8 - apartamenty Wis\u0142a - salon"},{"@type":"BreadcrumbList","@id":"https:\/\/krzywa8.pl\/galeria\/#breadcrumb","itemListElement":[{"@type":"ListItem","position":1,"name":"Strona g\u0142\u00f3wna","item":"https:\/\/krzywa8.pl\/"},{"@type":"ListItem","position":2,"name":"Galeria"}]},{"@type":"WebSite","@id":"https:\/\/krzywa8.pl\/#website","url":"https:\/\/krzywa8.pl\/","name":"Apartamenty Krzywa 8","description":"Apartamenty z jacuzzi w sercu Beskid\u00f3w","publisher":{"@id":"https:\/\/krzywa8.pl\/#organization"},"alternateName":"https:\/\/krzywa8.pl\/","potentialAction":[{"@type":"SearchAction","target":{"@type":"EntryPoint","urlTemplate":"https:\/\/krzywa8.pl\/?s={search_term_string}"},"query-input":"required name=search_term_string"}],"inLanguage":"en-GB"},{"@type":"Organization","@id":"https:\/\/krzywa8.pl\/#organization","name":"Apartamenty Krzywa 8","url":"https:\/\/krzywa8.pl\/","logo":{"@type":"ImageObject","inLanguage":"en-GB","@id":"https:\/\/krzywa8.pl\/#\/schema\/logo\/image\/","url":"https:\/\/krzywa8.pl\/wp-content\/uploads\/2024\/06\/cropped-logo-Wisla-Krzywa-8.png","contentUrl":"https:\/\/krzywa8.pl\/wp-content\/uploads\/2024\/06\/cropped-logo-Wisla-Krzywa-8.png","width":512,"height":512,"caption":"Apartamenty Krzywa 8"},"image":{"@id":"https:\/\/krzywa8.pl\/#\/schema\/logo\/image\/"},"sameAs":["https:\/\/www.facebook.com\/riverseaapartamenty"]}]}},"_links":{"self":[{"href":"https:\/\/krzywa8.pl\/en\/wp-json\/wp\/v2\/pages\/16"}],"collection":[{"href":"https:\/\/krzywa8.pl\/en\/wp-json\/wp\/v2\/pages"}],"about":[{"href":"https:\/\/krzywa8.pl\/en\/wp-json\/wp\/v2\/types\/page"}],"author":[{"embeddable":true,"href":"https:\/\/krzywa8.pl\/en\/wp-json\/wp\/v2\/users\/3"}],"replies":[{"embeddable":true,"href":"https:\/\/krzywa8.pl\/en\/wp-json\/wp\/v2\/comments?post=16"}],"version-history":[{"count":62,"href":"https:\/\/krzywa8.pl\/en\/wp-json\/wp\/v2\/pages\/16\/revisions"}],"predecessor-version":[{"id":1641,"href":"https:\/\/krzywa8.pl\/en\/wp-json\/wp\/v2\/pages\/16\/revisions\/1641"}],"wp:featuredmedia":[{"embeddable":true,"href":"https:\/\/krzywa8.pl\/en\/wp-json\/wp\/v2\/media\/1411"}],"wp:attachment":[{"href":"https:\/\/krzywa8.pl\/en\/wp-json\/wp\/v2\/media?parent=16"}],"curies":[{"name":"wp","href":"https:\/\/api.w.org\/{rel}","templated":true}]}}