{"id":20,"date":"2021-12-20T08:27:45","date_gmt":"2021-12-20T07:27:45","guid":{"rendered":"https:\/\/riversea.pl\/?page_id=20"},"modified":"2024-06-14T14:17:28","modified_gmt":"2024-06-14T12:17:28","slug":"kontakt","status":"publish","type":"page","link":"https:\/\/krzywa8.pl\/en\/kontakt\/","title":{"rendered":"Contact"},"content":{"rendered":"","protected":false},"excerpt":{"rendered":"","protected":false},"author":3,"featured_media":1409,"parent":0,"menu_order":0,"comment_status":"closed","ping_status":"closed","template":"","meta":{"_acf_changed":false,"footnotes":""},"class_list":["post-20","page","type-page","status-publish","has-post-thumbnail","hentry"],"acf":[],"yoast_head":"<!-- This site is optimized with the Yoast SEO plugin v23.3 - https:\/\/yoast.com\/wordpress\/plugins\/seo\/ -->\n<title>Kontakt z Apartamenty Wis\u0142a - Krzywa 8.<\/title>\n<meta name=\"description\" content=\"Masz pytania dotycz\u0105ce pobytu w Krzywa 8 - Apartamenty w Wi\u015ble? Skontaktuj si\u0119 z nami, ch\u0119tnie wszystko wyja\u015bnimy.\" \/>\n<meta name=\"robots\" content=\"index, follow, max-snippet:-1, max-image-preview:large, max-video-preview:-1\" \/>\n<link rel=\"canonical\" href=\"https:\/\/krzywa8.pl\/en\/kontakt\/\" \/>\n<meta property=\"og:locale\" content=\"en_GB\" \/>\n<meta property=\"og:type\" content=\"article\" \/>\n<meta property=\"og:title\" content=\"Kontakt z Apartamenty Wis\u0142a - Krzywa 8.\" \/>\n<meta property=\"og:description\" content=\"Masz pytania dotycz\u0105ce pobytu w Krzywa 8 - Apartamenty w Wi\u015ble? Skontaktuj si\u0119 z nami, ch\u0119tnie wszystko wyja\u015bnimy.\" \/>\n<meta property=\"og:url\" content=\"https:\/\/krzywa8.pl\/en\/kontakt\/\" \/>\n<meta property=\"og:site_name\" content=\"Apartamenty Krzywa 8\" \/>\n<meta property=\"article:publisher\" content=\"https:\/\/www.facebook.com\/riverseaapartamenty\" \/>\n<meta property=\"article:modified_time\" content=\"2024-06-14T12:17:28+00:00\" \/>\n<meta property=\"og:image\" content=\"https:\/\/krzywa8.pl\/wp-content\/uploads\/2024\/06\/DSC4271-HDR.webp\" \/>\n\t<meta property=\"og:image:width\" content=\"1900\" \/>\n\t<meta property=\"og:image:height\" content=\"1267\" \/>\n\t<meta property=\"og:image:type\" content=\"image\/webp\" \/>\n<meta name=\"twitter:card\" content=\"summary_large_image\" \/>\n<meta name=\"twitter:label1\" content=\"Estimated reading time\" \/>\n\t<meta name=\"twitter:data1\" content=\"1 minute\" \/>\n<script type=\"application\/ld+json\" class=\"yoast-schema-graph\">{\"@context\":\"https:\/\/schema.org\",\"@graph\":[{\"@type\":\"WebPage\",\"@id\":\"https:\/\/krzywa8.pl\/kontakt\/\",\"url\":\"https:\/\/krzywa8.pl\/kontakt\/\",\"name\":\"Kontakt z Apartamenty Wis\u0142a - Krzywa 8.\",\"isPartOf\":{\"@id\":\"https:\/\/krzywa8.pl\/#website\"},\"primaryImageOfPage\":{\"@id\":\"https:\/\/krzywa8.pl\/kontakt\/#primaryimage\"},\"image\":{\"@id\":\"https:\/\/krzywa8.pl\/kontakt\/#primaryimage\"},\"thumbnailUrl\":\"https:\/\/krzywa8.pl\/wp-content\/uploads\/2024\/06\/DSC4271-HDR.webp\",\"datePublished\":\"2021-12-20T07:27:45+00:00\",\"dateModified\":\"2024-06-14T12:17:28+00:00\",\"description\":\"Masz pytania dotycz\u0105ce pobytu w Krzywa 8 - Apartamenty w Wi\u015ble? Skontaktuj si\u0119 z nami, ch\u0119tnie wszystko wyja\u015bnimy.\",\"breadcrumb\":{\"@id\":\"https:\/\/krzywa8.pl\/kontakt\/#breadcrumb\"},\"inLanguage\":\"en-GB\",\"potentialAction\":[{\"@type\":\"ReadAction\",\"target\":[\"https:\/\/krzywa8.pl\/kontakt\/\"]}]},{\"@type\":\"ImageObject\",\"inLanguage\":\"en-GB\",\"@id\":\"https:\/\/krzywa8.pl\/kontakt\/#primaryimage\",\"url\":\"https:\/\/krzywa8.pl\/wp-content\/uploads\/2024\/06\/DSC4271-HDR.webp\",\"contentUrl\":\"https:\/\/krzywa8.pl\/wp-content\/uploads\/2024\/06\/DSC4271-HDR.webp\",\"width\":1900,\"height\":1267},{\"@type\":\"BreadcrumbList\",\"@id\":\"https:\/\/krzywa8.pl\/kontakt\/#breadcrumb\",\"itemListElement\":[{\"@type\":\"ListItem\",\"position\":1,\"name\":\"Strona g\u0142\u00f3wna\",\"item\":\"https:\/\/krzywa8.pl\/\"},{\"@type\":\"ListItem\",\"position\":2,\"name\":\"Kontakt\"}]},{\"@type\":\"WebSite\",\"@id\":\"https:\/\/krzywa8.pl\/#website\",\"url\":\"https:\/\/krzywa8.pl\/\",\"name\":\"Apartamenty Krzywa 8\",\"description\":\"Apartamenty z jacuzzi w sercu Beskid\u00f3w\",\"publisher\":{\"@id\":\"https:\/\/krzywa8.pl\/#organization\"},\"alternateName\":\"https:\/\/krzywa8.pl\/\",\"potentialAction\":[{\"@type\":\"SearchAction\",\"target\":{\"@type\":\"EntryPoint\",\"urlTemplate\":\"https:\/\/krzywa8.pl\/?s={search_term_string}\"},\"query-input\":\"required name=search_term_string\"}],\"inLanguage\":\"en-GB\"},{\"@type\":\"Organization\",\"@id\":\"https:\/\/krzywa8.pl\/#organization\",\"name\":\"Apartamenty Krzywa 8\",\"url\":\"https:\/\/krzywa8.pl\/\",\"logo\":{\"@type\":\"ImageObject\",\"inLanguage\":\"en-GB\",\"@id\":\"https:\/\/krzywa8.pl\/#\/schema\/logo\/image\/\",\"url\":\"https:\/\/krzywa8.pl\/wp-content\/uploads\/2024\/06\/cropped-logo-Wisla-Krzywa-8.png\",\"contentUrl\":\"https:\/\/krzywa8.pl\/wp-content\/uploads\/2024\/06\/cropped-logo-Wisla-Krzywa-8.png\",\"width\":512,\"height\":512,\"caption\":\"Apartamenty Krzywa 8\"},\"image\":{\"@id\":\"https:\/\/krzywa8.pl\/#\/schema\/logo\/image\/\"},\"sameAs\":[\"https:\/\/www.facebook.com\/riverseaapartamenty\"]}]}<\/script>\n<!-- \/ Yoast SEO plugin. -->","yoast_head_json":{"title":"Kontakt z Apartamenty Wis\u0142a - Krzywa 8.","description":"Masz pytania dotycz\u0105ce pobytu w Krzywa 8 - Apartamenty w Wi\u015ble? Skontaktuj si\u0119 z nami, ch\u0119tnie wszystko wyja\u015bnimy.","robots":{"index":"index","follow":"follow","max-snippet":"max-snippet:-1","max-image-preview":"max-image-preview:large","max-video-preview":"max-video-preview:-1"},"canonical":"https:\/\/krzywa8.pl\/en\/kontakt\/","og_locale":"en_GB","og_type":"article","og_title":"Kontakt z Apartamenty Wis\u0142a - Krzywa 8.","og_description":"Masz pytania dotycz\u0105ce pobytu w Krzywa 8 - Apartamenty w Wi\u015ble? Skontaktuj si\u0119 z nami, ch\u0119tnie wszystko wyja\u015bnimy.","og_url":"https:\/\/krzywa8.pl\/en\/kontakt\/","og_site_name":"Apartamenty Krzywa 8","article_publisher":"https:\/\/www.facebook.com\/riverseaapartamenty","article_modified_time":"2024-06-14T12:17:28+00:00","og_image":[{"width":1900,"height":1267,"url":"https:\/\/krzywa8.pl\/wp-content\/uploads\/2024\/06\/DSC4271-HDR.webp","type":"image\/webp"}],"twitter_card":"summary_large_image","twitter_misc":{"Estimated reading time":"1 minute"},"schema":{"@context":"https:\/\/schema.org","@graph":[{"@type":"WebPage","@id":"https:\/\/krzywa8.pl\/kontakt\/","url":"https:\/\/krzywa8.pl\/kontakt\/","name":"Kontakt z Apartamenty Wis\u0142a - Krzywa 8.","isPartOf":{"@id":"https:\/\/krzywa8.pl\/#website"},"primaryImageOfPage":{"@id":"https:\/\/krzywa8.pl\/kontakt\/#primaryimage"},"image":{"@id":"https:\/\/krzywa8.pl\/kontakt\/#primaryimage"},"thumbnailUrl":"https:\/\/krzywa8.pl\/wp-content\/uploads\/2024\/06\/DSC4271-HDR.webp","datePublished":"2021-12-20T07:27:45+00:00","dateModified":"2024-06-14T12:17:28+00:00","description":"Masz pytania dotycz\u0105ce pobytu w Krzywa 8 - Apartamenty w Wi\u015ble? Skontaktuj si\u0119 z nami, ch\u0119tnie wszystko wyja\u015bnimy.","breadcrumb":{"@id":"https:\/\/krzywa8.pl\/kontakt\/#breadcrumb"},"inLanguage":"en-GB","potentialAction":[{"@type":"ReadAction","target":["https:\/\/krzywa8.pl\/kontakt\/"]}]},{"@type":"ImageObject","inLanguage":"en-GB","@id":"https:\/\/krzywa8.pl\/kontakt\/#primaryimage","url":"https:\/\/krzywa8.pl\/wp-content\/uploads\/2024\/06\/DSC4271-HDR.webp","contentUrl":"https:\/\/krzywa8.pl\/wp-content\/uploads\/2024\/06\/DSC4271-HDR.webp","width":1900,"height":1267},{"@type":"BreadcrumbList","@id":"https:\/\/krzywa8.pl\/kontakt\/#breadcrumb","itemListElement":[{"@type":"ListItem","position":1,"name":"Strona g\u0142\u00f3wna","item":"https:\/\/krzywa8.pl\/"},{"@type":"ListItem","position":2,"name":"Kontakt"}]},{"@type":"WebSite","@id":"https:\/\/krzywa8.pl\/#website","url":"https:\/\/krzywa8.pl\/","name":"Apartamenty Krzywa 8","description":"Apartamenty z jacuzzi w sercu Beskid\u00f3w","publisher":{"@id":"https:\/\/krzywa8.pl\/#organization"},"alternateName":"https:\/\/krzywa8.pl\/","potentialAction":[{"@type":"SearchAction","target":{"@type":"EntryPoint","urlTemplate":"https:\/\/krzywa8.pl\/?s={search_term_string}"},"query-input":"required name=search_term_string"}],"inLanguage":"en-GB"},{"@type":"Organization","@id":"https:\/\/krzywa8.pl\/#organization","name":"Apartamenty Krzywa 8","url":"https:\/\/krzywa8.pl\/","logo":{"@type":"ImageObject","inLanguage":"en-GB","@id":"https:\/\/krzywa8.pl\/#\/schema\/logo\/image\/","url":"https:\/\/krzywa8.pl\/wp-content\/uploads\/2024\/06\/cropped-logo-Wisla-Krzywa-8.png","contentUrl":"https:\/\/krzywa8.pl\/wp-content\/uploads\/2024\/06\/cropped-logo-Wisla-Krzywa-8.png","width":512,"height":512,"caption":"Apartamenty Krzywa 8"},"image":{"@id":"https:\/\/krzywa8.pl\/#\/schema\/logo\/image\/"},"sameAs":["https:\/\/www.facebook.com\/riverseaapartamenty"]}]}},"_links":{"self":[{"href":"https:\/\/krzywa8.pl\/en\/wp-json\/wp\/v2\/pages\/20"}],"collection":[{"href":"https:\/\/krzywa8.pl\/en\/wp-json\/wp\/v2\/pages"}],"about":[{"href":"https:\/\/krzywa8.pl\/en\/wp-json\/wp\/v2\/types\/page"}],"author":[{"embeddable":true,"href":"https:\/\/krzywa8.pl\/en\/wp-json\/wp\/v2\/users\/3"}],"replies":[{"embeddable":true,"href":"https:\/\/krzywa8.pl\/en\/wp-json\/wp\/v2\/comments?post=20"}],"version-history":[{"count":1,"href":"https:\/\/krzywa8.pl\/en\/wp-json\/wp\/v2\/pages\/20\/revisions"}],"predecessor-version":[{"id":21,"href":"https:\/\/krzywa8.pl\/en\/wp-json\/wp\/v2\/pages\/20\/revisions\/21"}],"wp:featuredmedia":[{"embeddable":true,"href":"https:\/\/krzywa8.pl\/en\/wp-json\/wp\/v2\/media\/1409"}],"wp:attachment":[{"href":"https:\/\/krzywa8.pl\/en\/wp-json\/wp\/v2\/media?parent=20"}],"curies":[{"name":"wp","href":"https:\/\/api.w.org\/{rel}","templated":true}]}}